{"id":10464,"date":"2024-11-19T11:42:50","date_gmt":"2024-11-19T16:42:50","guid":{"rendered":"https:\/\/iesppsf.edu.pe\/es\/?page_id=10464"},"modified":"2025-01-29T08:58:31","modified_gmt":"2025-01-29T13:58:31","slug":"investigacion","status":"publish","type":"page","link":"https:\/\/iesppsf.edu.pe\/es\/investigacion\/","title":{"rendered":"investigacion"},"content":{"rendered":"\t\t<div data-elementor-type=\"wp-page\" data-elementor-id=\"10464\" class=\"elementor elementor-10464\">\n\t\t\t\t<div class=\"elementor-element elementor-element-ac9c440 e-flex e-con-boxed e-con e-parent\" data-id=\"ac9c440\" data-element_type=\"container\">\n\t\t\t\t\t<div class=\"e-con-inner\">\n\t\t<div class=\"elementor-element elementor-element-91cb342 e-con-full e-flex e-con e-child\" data-id=\"91cb342\" data-element_type=\"container\">\n\t\t\t\t<div class=\"elementor-element elementor-element-0d3d52f elementor-position-top elementor-widget elementor-widget-image-box\" data-id=\"0d3d52f\" data-element_type=\"widget\" data-widget_type=\"image-box.default\">\n\t\t\t\t<div class=\"elementor-widget-container\">\n\t\t\t<div class=\"elementor-image-box-wrapper\"><figure class=\"elementor-image-box-img\"><a href=\"https:\/\/drive.google.com\/file\/d\/1nnVTS8x7Z55aBrUKxdYStsO5V2asQHQr\/view\" target=\"_blank\" tabindex=\"-1\"><img fetchpriority=\"high\" decoding=\"async\" width=\"1682\" height=\"2156\" src=\"https:\/\/iesppsf.edu.pe\/es\/wp-content\/uploads\/2024\/11\/juliogf.jpg\" class=\"attachment-full size-full wp-image-10051\" alt=\"\" srcset=\"https:\/\/iesppsf.edu.pe\/es\/wp-content\/uploads\/2024\/11\/juliogf.jpg 1682w, https:\/\/iesppsf.edu.pe\/es\/wp-content\/uploads\/2024\/11\/juliogf-234x300.jpg 234w, https:\/\/iesppsf.edu.pe\/es\/wp-content\/uploads\/2024\/11\/juliogf-799x1024.jpg 799w, https:\/\/iesppsf.edu.pe\/es\/wp-content\/uploads\/2024\/11\/juliogf-768x984.jpg 768w, https:\/\/iesppsf.edu.pe\/es\/wp-content\/uploads\/2024\/11\/juliogf-1198x1536.jpg 1198w, https:\/\/iesppsf.edu.pe\/es\/wp-content\/uploads\/2024\/11\/juliogf-1598x2048.jpg 1598w, https:\/\/iesppsf.edu.pe\/es\/wp-content\/uploads\/2024\/11\/juliogf-600x769.jpg 600w\" sizes=\"(max-width: 1682px) 100vw, 1682px\" \/><\/a><\/figure><div class=\"elementor-image-box-content\"><h6 class=\"elementor-image-box-title\"><a href=\"https:\/\/drive.google.com\/file\/d\/1nnVTS8x7Z55aBrUKxdYStsO5V2asQHQr\/view\" target=\"_blank\">Jefe de Unidad de Investigaci\u00f3n<\/a><\/h6><p class=\"elementor-image-box-description\">Cargo Jefe de Unidad de Investigaci\u00f3n\nT\u00edtulo (s) Profesional Profesor de Educaci\u00f3n Primaria\n<\/p><\/div><\/div>\t\t<\/div>\n\t\t\t\t<\/div>\n\t\t\t\t<\/div>\n\t\t<div class=\"elementor-element elementor-element-c53e6df e-con-full e-flex e-con e-child\" data-id=\"c53e6df\" data-element_type=\"container\">\n\t\t\t\t<div class=\"elementor-element elementor-element-e604005 elementor-widget elementor-widget-image-box\" data-id=\"e604005\" data-element_type=\"widget\" data-widget_type=\"image-box.default\">\n\t\t\t\t<div class=\"elementor-widget-container\">\n\t\t\t<div class=\"elementor-image-box-wrapper\"><div class=\"elementor-image-box-content\"><p class=\"elementor-image-box-title\">Funciones<\/p><p class=\"elementor-image-box-description\">1.Establecer las l\u00edneas de investigaci\u00f3n pertinentes con las necesidades nacionales e institucionales de la actividad docente. <p>\n2.Planificar la actividad de investigaci\u00f3n con la participaci\u00f3n de docentes y estudiantes. <p> \n3.Organizar el desarrollo de las actividades de investigaci\u00f3n: recursos, l\u00edneas de investigaci\u00f3n, metodolog\u00edas, asignaci\u00f3n de responsabilidades. <p>\n4.Supervisar el desarrollo de las actividades de investigaci\u00f3n. <p>\n5.Evaluar las l\u00edneas y trabajos de investigaci\u00f3n, incluyendo sus recursos, procesos y resultados. <p>\n6.Supervisar y evaluar proyectos y trabajos de investigaci\u00f3n en funci\u00f3n de las l\u00edneas de investigaci\u00f3n de la Unidad. <p>\n7.Promover la participaci\u00f3n de los docentes y estudiantes, dentro del marco de las l\u00edneas priorizadas por la Unidad de investigaci\u00f3n.<\/p><\/div><\/div>\t\t<\/div>\n\t\t\t\t<\/div>\n\t\t\t\t<\/div>\n\t\t<div class=\"elementor-element elementor-element-9bc7f59 e-con-full e-flex e-con e-child\" data-id=\"9bc7f59\" data-element_type=\"container\">\n\t\t\t\t<div class=\"elementor-element elementor-element-3c95bca elementor-widget elementor-widget-image\" data-id=\"3c95bca\" data-element_type=\"widget\" data-widget_type=\"image.default\">\n\t\t\t\t<div class=\"elementor-widget-container\">\n\t\t\t\t\t\t\t\t\t\t\t\t\t<img decoding=\"async\" width=\"904\" height=\"1280\" src=\"https:\/\/iesppsf.edu.pe\/es\/wp-content\/uploads\/2024\/11\/investiga.jpg\" class=\"attachment-full size-full wp-image-10467\" alt=\"\" srcset=\"https:\/\/iesppsf.edu.pe\/es\/wp-content\/uploads\/2024\/11\/investiga.jpg 904w, https:\/\/iesppsf.edu.pe\/es\/wp-content\/uploads\/2024\/11\/investiga-212x300.jpg 212w, https:\/\/iesppsf.edu.pe\/es\/wp-content\/uploads\/2024\/11\/investiga-723x1024.jpg 723w, https:\/\/iesppsf.edu.pe\/es\/wp-content\/uploads\/2024\/11\/investiga-768x1087.jpg 768w, https:\/\/iesppsf.edu.pe\/es\/wp-content\/uploads\/2024\/11\/investiga-600x850.jpg 600w\" sizes=\"(max-width: 904px) 100vw, 904px\" \/>\t\t\t\t\t\t\t\t\t\t\t\t\t<\/div>\n\t\t\t\t<\/div>\n\t\t\t\t<\/div>\n\t\t\t\t\t<\/div>\n\t\t\t\t<\/div>\n\t\t<div class=\"elementor-element elementor-element-0573e35 e-grid e-con-boxed e-con e-parent\" data-id=\"0573e35\" data-element_type=\"container\">\n\t\t\t\t\t<div class=\"e-con-inner\">\n\t\t\t\t<div class=\"elementor-element elementor-element-cf31e07 elementor-position-top elementor-widget elementor-widget-image-box\" data-id=\"cf31e07\" data-element_type=\"widget\" data-widget_type=\"image-box.default\">\n\t\t\t\t<div class=\"elementor-widget-container\">\n\t\t\t<div class=\"elementor-image-box-wrapper\"><figure class=\"elementor-image-box-img\"><a href=\"https:\/\/drive.google.com\/file\/d\/1PRB6gq1RnKqtSh4zh25coyEe3DTtNdPd\/view\" target=\"_blank\" tabindex=\"-1\"><img decoding=\"async\" width=\"1198\" height=\"1569\" src=\"https:\/\/iesppsf.edu.pe\/es\/wp-content\/uploads\/2024\/11\/manual.jpg\" class=\"attachment-full size-full wp-image-10488\" alt=\"\" srcset=\"https:\/\/iesppsf.edu.pe\/es\/wp-content\/uploads\/2024\/11\/manual.jpg 1198w, https:\/\/iesppsf.edu.pe\/es\/wp-content\/uploads\/2024\/11\/manual-229x300.jpg 229w, https:\/\/iesppsf.edu.pe\/es\/wp-content\/uploads\/2024\/11\/manual-782x1024.jpg 782w, https:\/\/iesppsf.edu.pe\/es\/wp-content\/uploads\/2024\/11\/manual-768x1006.jpg 768w, https:\/\/iesppsf.edu.pe\/es\/wp-content\/uploads\/2024\/11\/manual-1173x1536.jpg 1173w, https:\/\/iesppsf.edu.pe\/es\/wp-content\/uploads\/2024\/11\/manual-600x786.jpg 600w\" sizes=\"(max-width: 1198px) 100vw, 1198px\" \/><\/a><\/figure><div class=\"elementor-image-box-content\"><p class=\"elementor-image-box-description\">Manual para aplicar el estilo apa 7ma edici\u00f3n en la bibliograf\u00eda de investigaci\u00f3n<\/p><\/div><\/div>\t\t<\/div>\n\t\t\t\t<\/div>\n\t\t\t\t<div class=\"elementor-element elementor-element-1a80e89 elementor-position-top elementor-widget elementor-widget-image-box\" data-id=\"1a80e89\" data-element_type=\"widget\" data-widget_type=\"image-box.default\">\n\t\t\t\t<div class=\"elementor-widget-container\">\n\t\t\t<div class=\"elementor-image-box-wrapper\"><figure class=\"elementor-image-box-img\"><a href=\"https:\/\/drive.google.com\/file\/d\/1PRB6gq1RnKqtSh4zh25coyEe3DTtNdPd\/view\" target=\"_blank\" tabindex=\"-1\"><img loading=\"lazy\" decoding=\"async\" width=\"981\" height=\"1337\" src=\"https:\/\/iesppsf.edu.pe\/es\/wp-content\/uploads\/2024\/11\/plan1.jpg\" class=\"attachment-full size-full wp-image-10492\" alt=\"\" srcset=\"https:\/\/iesppsf.edu.pe\/es\/wp-content\/uploads\/2024\/11\/plan1.jpg 981w, https:\/\/iesppsf.edu.pe\/es\/wp-content\/uploads\/2024\/11\/plan1-220x300.jpg 220w, https:\/\/iesppsf.edu.pe\/es\/wp-content\/uploads\/2024\/11\/plan1-751x1024.jpg 751w, https:\/\/iesppsf.edu.pe\/es\/wp-content\/uploads\/2024\/11\/plan1-768x1047.jpg 768w, https:\/\/iesppsf.edu.pe\/es\/wp-content\/uploads\/2024\/11\/plan1-600x818.jpg 600w\" sizes=\"(max-width: 981px) 100vw, 981px\" \/><\/a><\/figure><div class=\"elementor-image-box-content\"><h3 class=\"elementor-image-box-title\"><a href=\"https:\/\/drive.google.com\/file\/d\/1PRB6gq1RnKqtSh4zh25coyEe3DTtNdPd\/view\" target=\"_blank\">Plan de Investigacion  <\/a><\/h3><p class=\"elementor-image-box-description\">Cuentos Jaujinos para motivar la lectura en estudiantes de EBR del\ndistrito de Jauja 2024<\/p><\/div><\/div>\t\t<\/div>\n\t\t\t\t<\/div>\n\t\t\t\t\t<\/div>\n\t\t\t\t<\/div>\n\t\t<div class=\"elementor-element elementor-element-db49c3d e-grid e-con-boxed e-con e-parent\" data-id=\"db49c3d\" data-element_type=\"container\">\n\t\t\t\t\t<div class=\"e-con-inner\">\n\t\t\t\t<div class=\"elementor-element elementor-element-b3d1d62 elementor-position-top elementor-widget elementor-widget-image-box\" data-id=\"b3d1d62\" data-element_type=\"widget\" data-widget_type=\"image-box.default\">\n\t\t\t\t<div class=\"elementor-widget-container\">\n\t\t\t<div class=\"elementor-image-box-wrapper\"><figure class=\"elementor-image-box-img\"><a href=\"https:\/\/drive.google.com\/file\/d\/1Sqkky9S3cOgoz4dzlrNV5Y209A7v3lHs\/view\" target=\"_blank\" tabindex=\"-1\"><img loading=\"lazy\" decoding=\"async\" width=\"400\" height=\"517\" src=\"https:\/\/iesppsf.edu.pe\/es\/wp-content\/uploads\/2025\/01\/djinvestigacion.jpg\" class=\"attachment-full size-full wp-image-10509\" alt=\"\" srcset=\"https:\/\/iesppsf.edu.pe\/es\/wp-content\/uploads\/2025\/01\/djinvestigacion.jpg 400w, https:\/\/iesppsf.edu.pe\/es\/wp-content\/uploads\/2025\/01\/djinvestigacion-232x300.jpg 232w\" sizes=\"(max-width: 400px) 100vw, 400px\" \/><\/a><\/figure><div class=\"elementor-image-box-content\"><p class=\"elementor-image-box-description\">DECLARACI\u00d3N JURADA\nDE AUTENTICIDAD DE LOS AUTORES DE LA INVESTIGACION<\/p><\/div><\/div>\t\t<\/div>\n\t\t\t\t<\/div>\n\t\t\t\t\t<\/div>\n\t\t\t\t<\/div>\n\t\t\t\t<\/div>\n\t\t","protected":false},"excerpt":{"rendered":"<p>Jefe de Unidad de Investigaci\u00f3n Cargo Jefe de Unidad de Investigaci\u00f3n T\u00edtulo (s) Profesional Profesor de Educaci\u00f3n Primaria Funciones 1.Establecer las l\u00edneas de investigaci\u00f3n pertinentes con las necesidades nacionales e institucionales de la actividad docente. 2.Planificar la actividad de investigaci\u00f3n con la participaci\u00f3n de docentes y estudiantes. 3.Organizar el desarrollo de las actividades de investigaci\u00f3n: [&hellip;]<\/p>\n","protected":false},"author":1,"featured_media":0,"parent":0,"menu_order":0,"comment_status":"closed","ping_status":"closed","template":"","meta":{"footnotes":""},"class_list":["post-10464","page","type-page","status-publish","hentry"],"_links":{"self":[{"href":"https:\/\/iesppsf.edu.pe\/es\/wp-json\/wp\/v2\/pages\/10464","targetHints":{"allow":["GET"]}}],"collection":[{"href":"https:\/\/iesppsf.edu.pe\/es\/wp-json\/wp\/v2\/pages"}],"about":[{"href":"https:\/\/iesppsf.edu.pe\/es\/wp-json\/wp\/v2\/types\/page"}],"author":[{"embeddable":true,"href":"https:\/\/iesppsf.edu.pe\/es\/wp-json\/wp\/v2\/users\/1"}],"replies":[{"embeddable":true,"href":"https:\/\/iesppsf.edu.pe\/es\/wp-json\/wp\/v2\/comments?post=10464"}],"version-history":[{"count":22,"href":"https:\/\/iesppsf.edu.pe\/es\/wp-json\/wp\/v2\/pages\/10464\/revisions"}],"predecessor-version":[{"id":10512,"href":"https:\/\/iesppsf.edu.pe\/es\/wp-json\/wp\/v2\/pages\/10464\/revisions\/10512"}],"wp:attachment":[{"href":"https:\/\/iesppsf.edu.pe\/es\/wp-json\/wp\/v2\/media?parent=10464"}],"curies":[{"name":"wp","href":"https:\/\/api.w.org\/{rel}","templated":true}]}}